{"id":7,"date":"2024-09-24T08:32:50","date_gmt":"2024-09-24T06:32:50","guid":{"rendered":"https:\/\/izaccess.fr\/?page_id=7"},"modified":"2024-12-12T15:44:46","modified_gmt":"2024-12-12T14:44:46","slug":"accueil","status":"publish","type":"page","link":"https:\/\/izaccess.fr\/","title":{"rendered":"Izaccess France"},"content":{"rendered":"\n<div class=\"wp-block-cover alignfull\" style=\"margin-top:0;margin-bottom:0;padding-top:0px;padding-right:0px;padding-bottom:0px;padding-left:0px;min-height:225px;aspect-ratio:unset;\"><span aria-hidden=\"true\" class=\"wp-block-cover__background has-ast-global-color-1-background-color has-background-dim-100 has-background-dim\"><\/span><div class=\"wp-block-cover__inner-container is-layout-flow wp-block-cover-is-layout-flow\">\n<div class=\"inherit-container-width wp-block-group alignwide is-layout-constrained wp-block-group-is-layout-constrained\" style=\"margin-top:0;margin-bottom:0;padding-top:var(--wp--preset--spacing--60);padding-bottom:var(--wp--preset--spacing--60)\">\n<figure class=\"wp-block-image aligncenter size-full is-resized\"><img loading=\"lazy\" decoding=\"async\" width=\"537\" height=\"584\" src=\"http:\/\/izaccess.fr\/wp-content\/uploads\/2024\/10\/cropped-cropped-LOGO-avec-Izaccess-transparent.png\" alt=\"\" class=\"wp-image-110\" style=\"width:282px;height:auto\" srcset=\"https:\/\/izaccess.fr\/wp-content\/uploads\/2024\/10\/cropped-cropped-LOGO-avec-Izaccess-transparent.png 537w, https:\/\/izaccess.fr\/wp-content\/uploads\/2024\/10\/cropped-cropped-LOGO-avec-Izaccess-transparent-276x300.png 276w, https:\/\/izaccess.fr\/wp-content\/uploads\/2024\/10\/cropped-cropped-LOGO-avec-Izaccess-transparent-177x192.png 177w\" sizes=\"auto, (max-width: 537px) 100vw, 537px\" \/><\/figure>\n<\/div>\n<\/div><\/div>\n\n\n\n<div class=\"wp-block-cover alignfull\" style=\"min-height:752px;aspect-ratio:unset;\"><span aria-hidden=\"true\" class=\"wp-block-cover__background has-ast-global-color-1-background-color has-background-dim-100 has-background-dim\"><\/span><div class=\"wp-block-cover__inner-container is-layout-flow wp-block-cover-is-layout-flow\">\n<div class=\"inherit-container-width wp-block-group alignwide has-ast-global-color-5-color has-ast-global-color-1-background-color has-text-color has-background has-link-color wp-elements-e9cbc74a4788d080f32d97545a77ef29 is-layout-constrained wp-container-core-group-is-layout-df721c70 wp-block-group-is-layout-constrained\" style=\"min-height:0px;margin-top:0px;margin-bottom:0px;padding-top:0px;padding-right:0px;padding-bottom:0px;padding-left:0px\">\n<div class=\"wp-block-media-text alignwide has-media-on-the-right is-stacked-on-mobile is-vertically-aligned-center has-ast-global-color-3-color has-ast-global-color-2-background-color has-text-color has-background has-link-color wp-elements-07c1920dbb57068e510da565e9f82690\" style=\"padding-right:var(--wp--preset--spacing--40);padding-left:var(--wp--preset--spacing--40);grid-template-columns:auto 27%\"><div class=\"wp-block-media-text__content\">\n<blockquote class=\"wp-block-quote is-layout-flow wp-block-quote-is-layout-flow\">\n<blockquote class=\"wp-block-quote has-ast-global-color-3-color has-text-color has-link-color wp-elements-b5cc843d3b045a056f3b24f2a1573a9a is-layout-flow wp-block-quote-is-layout-flow\">\n<p class=\"has-text-align-center has-ast-global-color-3-color has-text-color has-link-color wp-elements-d2624df36088d34b21f77a731dad3240\">Accessibilit\u00e9 &amp; inclusion la nouvelle norme du paiement<\/p>\n<\/blockquote>\n<\/blockquote>\n\n\n\n<div class=\"wp-block-columns is-layout-flex wp-container-core-columns-is-layout-28f84493 wp-block-columns-is-layout-flex\">\n<div class=\"wp-block-column is-vertically-aligned-top is-layout-flow wp-block-column-is-layout-flow\" style=\"flex-basis:100%\">\n<p class=\"has-ast-global-color-3-color has-text-color has-link-color has-medium-font-size wp-elements-5be848019415b1f6c25e813cc4db6259\" style=\"font-style:normal;font-weight:500\">Dans un monde o\u00f9 les transactions num\u00e9riques deviennent la norme, garantir que chaque individu puisse acc\u00e9der aux services de paiement est primordial. L&#8217;accessibilit\u00e9 n&#8217;est pas seulement une obligation l\u00e9gale dans de nombreux pays, mais aussi un imp\u00e9ratif \u00e9thique. Chaque utilisateur, quelle que soit sa situation, doit pouvoir effectuer des transactions de mani\u00e8re simple, s\u00e9curis\u00e9e et autonome.<\/p>\n\n\n\n<p><\/p>\n<\/div>\n<\/div>\n\n\n\n<div class=\"wp-block-buttons is-content-justification-right is-layout-flex wp-container-core-buttons-is-layout-d445cf74 wp-block-buttons-is-layout-flex\">\n<div class=\"wp-block-button\"><a class=\"wp-block-button__link has-text-align-center wp-element-button\" href=\"mailto:contact@izaccess.fr?subject=Demande%20de%20renseignements\">contact@izaccess.fr<\/a><\/div>\n<\/div>\n<\/div><figure class=\"wp-block-media-text__media\"><img loading=\"lazy\" decoding=\"async\" width=\"1024\" height=\"683\" src=\"http:\/\/izaccess.fr\/wp-content\/uploads\/2024\/10\/money-card-business-credit-card-50987-50987-1024x683.jpg\" alt=\"Person Holding Debit Card\" class=\"wp-image-163 size-full\" srcset=\"https:\/\/izaccess.fr\/wp-content\/uploads\/2024\/10\/money-card-business-credit-card-50987-50987-1024x683.jpg 1024w, https:\/\/izaccess.fr\/wp-content\/uploads\/2024\/10\/money-card-business-credit-card-50987-50987-300x200.jpg 300w, https:\/\/izaccess.fr\/wp-content\/uploads\/2024\/10\/money-card-business-credit-card-50987-50987-768x512.jpg 768w, https:\/\/izaccess.fr\/wp-content\/uploads\/2024\/10\/money-card-business-credit-card-50987-50987-1536x1024.jpg 1536w, https:\/\/izaccess.fr\/wp-content\/uploads\/2024\/10\/money-card-business-credit-card-50987-50987-2048x1365.jpg 2048w\" sizes=\"auto, (max-width: 1024px) 100vw, 1024px\" \/><\/figure><\/div>\n<\/div>\n<\/div><\/div>\n\n\n\n<div class=\"wp-block-group alignfull has-ast-global-color-2-color has-ast-global-color-5-background-color has-text-color has-background has-link-color wp-elements-a88d5b38208ce1ddbce8cb7cc9748f16 is-layout-constrained wp-container-core-group-is-layout-d5c05162 wp-block-group-is-layout-constrained\" style=\"padding-bottom:100px\">\n<div class=\"wp-block-columns are-vertically-aligned-top is-layout-flex wp-container-core-columns-is-layout-00723822 wp-block-columns-is-layout-flex\">\n<div class=\"wp-block-column is-vertically-aligned-top is-layout-flow wp-container-core-column-is-layout-6b73ce23 wp-block-column-is-layout-flow\">\n<figure class=\"wp-block-image size-full is-resized\"><img loading=\"lazy\" decoding=\"async\" width=\"150\" height=\"150\" src=\"https:\/\/izaccess.fr\/wp-content\/uploads\/2024\/09\/formation.png\" alt=\"\" class=\"wp-image-36\" style=\"width:49px;height:auto\"\/><\/figure>\n\n\n\n<h3 class=\"wp-block-heading has-text-align-left\" style=\"margin-top:16px\">Formation<\/h3>\n\n\n\n<p>Nos formations sur l&#8217;accessibilit\u00e9 dans le domaine du paiement sont con\u00e7ues pour les professionnels du secteur financier, les d\u00e9veloppeurs de solutions de paiement, et les responsables de la conformit\u00e9. Nous vous aidons \u00e0 comprendre et \u00e0 appliquer les principes de l&#8217;accessibilit\u00e9 pour que vos services de paiement soient utilisables par tous, y compris les personnes en situation de handicap.<\/p>\n<\/div>\n\n\n\n<div class=\"wp-block-column is-vertically-aligned-top is-layout-flow wp-container-core-column-is-layout-6b73ce23 wp-block-column-is-layout-flow\">\n<figure class=\"wp-block-image size-full is-resized\"><img loading=\"lazy\" decoding=\"async\" width=\"150\" height=\"150\" src=\"https:\/\/izaccess.fr\/wp-content\/uploads\/2024\/09\/audit.png\" alt=\"\" class=\"wp-image-37\" style=\"width:50px;height:auto\"\/><\/figure>\n\n\n\n<h3 class=\"wp-block-heading has-text-align-left\" style=\"margin-top:16px\">Audit<\/h3>\n\n\n\n<p class=\"has-text-align-left\">Nos audits d&#8217;accessibilit\u00e9 sont sp\u00e9cialement con\u00e7us pour le secteur des paiements num\u00e9riques. Nous vous aidons \u00e0 d\u00e9tecter les non-conformit\u00e9s et \u00e0 transformer vos services pour qu&#8217;ils soient accessibles, s\u00e9curis\u00e9s et conformes aux exigences r\u00e9glementaires. Nos experts analysent vos plateformes de paiement en profondeur, en tenant compte des diff\u00e9rents types de handicaps, pour vous fournir un rapport d\u00e9taill\u00e9 et des recommandations concr\u00e8tes.<\/p>\n<\/div>\n\n\n\n<div class=\"wp-block-column is-vertically-aligned-top is-layout-flow wp-container-core-column-is-layout-6b73ce23 wp-block-column-is-layout-flow\">\n<figure class=\"wp-block-image size-full is-resized\"><img loading=\"lazy\" decoding=\"async\" width=\"150\" height=\"150\" src=\"https:\/\/izaccess.fr\/wp-content\/uploads\/2024\/09\/accompagnement.png\" alt=\"\" class=\"wp-image-38\" style=\"width:51px;height:auto\"\/><\/figure>\n\n\n\n<h3 class=\"wp-block-heading has-text-align-left\" style=\"margin-top:16px\">Conseil<\/h3>\n\n\n\n<p class=\"has-text-align-left\">Nous offrons un accompagnement personnalis\u00e9 et complet pour int\u00e9grer l&#8217;accessibilit\u00e9 dans toutes les phases de conception, de d\u00e9veloppement et de d\u00e9ploiement de vos solutions de paiement. Notre objectif est de vous donner les connaissances n\u00e9cessaires et fournir des solutions pour cr\u00e9er des services de paiement inclusifs et conformes aux normes.<\/p>\n<\/div>\n\n\n\n<div class=\"wp-block-column is-vertically-aligned-top is-layout-flow wp-container-core-column-is-layout-6b73ce23 wp-block-column-is-layout-flow\">\n<figure class=\"wp-block-image size-full is-resized\"><img loading=\"lazy\" decoding=\"async\" width=\"150\" height=\"150\" src=\"https:\/\/izaccess.fr\/wp-content\/uploads\/2024\/09\/agrement.png\" alt=\"\" class=\"wp-image-39\" style=\"width:51px;height:auto\"\/><\/figure>\n\n\n\n<h3 class=\"wp-block-heading has-text-align-left\" style=\"margin-top:16px\">Accompagnement<\/h3>\n\n\n\n<p class=\"has-text-align-left\">Nous vous offrons un accompagnement complet pour la mise en \u0153uvre de l\u2019accessibilit\u00e9 dans vos terminaux de paiement, de la conception initiale \u00e0 la mise en service. Notre approche collaborative garantit que chaque aspect de votre projet respecte les normes d&#8217;accessibilit\u00e9 et offre une exp\u00e9rience utilisateur optimale.<\/p>\n<\/div>\n<\/div>\n<\/div>\n\n\n\n<div class=\"wp-block-group alignfull has-ast-global-color-2-color has-text-color has-link-color wp-elements-acf979ec3af5a314bad7f9bbd43bb061 is-layout-constrained wp-container-core-group-is-layout-a768924b wp-block-group-is-layout-constrained\" id=\"services\" style=\"padding-top:100px;padding-bottom:0px\">\n<h2 class=\"wp-block-heading\">Vos Questions<\/h2>\n\n\n\n<div class=\"wp-block-columns is-layout-flex wp-container-core-columns-is-layout-60cbf9bb wp-block-columns-is-layout-flex\" style=\"margin-top:50px\">\n<div class=\"wp-block-column is-layout-flow wp-container-core-column-is-layout-6b73ce23 wp-block-column-is-layout-flow\">\n<figure class=\"wp-block-image size-full\"><img loading=\"lazy\" decoding=\"async\" width=\"2560\" height=\"1707\" src=\"http:\/\/izaccess.fr\/wp-content\/uploads\/2024\/09\/pexels-photo-230544-230544-1-scaled.jpg\" alt=\"Person Using Black And White Smartphone and Holding Blue Card\" class=\"wp-image-49\" srcset=\"https:\/\/izaccess.fr\/wp-content\/uploads\/2024\/09\/pexels-photo-230544-230544-1-scaled.jpg 2560w, https:\/\/izaccess.fr\/wp-content\/uploads\/2024\/09\/pexels-photo-230544-230544-1-300x200.jpg 300w, https:\/\/izaccess.fr\/wp-content\/uploads\/2024\/09\/pexels-photo-230544-230544-1-1024x683.jpg 1024w, https:\/\/izaccess.fr\/wp-content\/uploads\/2024\/09\/pexels-photo-230544-230544-1-768x512.jpg 768w, https:\/\/izaccess.fr\/wp-content\/uploads\/2024\/09\/pexels-photo-230544-230544-1-1536x1024.jpg 1536w, https:\/\/izaccess.fr\/wp-content\/uploads\/2024\/09\/pexels-photo-230544-230544-1-2048x1365.jpg 2048w\" sizes=\"auto, (max-width: 2560px) 100vw, 2560px\" \/><\/figure>\n\n\n\n<h3 class=\"wp-block-heading\" style=\"margin-top:16px\">Accessibilit\u00e9<\/h3>\n\n\n\n<p>Qu\u2019est-ce que l\u2019accessibilit\u00e9 sur un point de vente ?<\/p>\n\n\n\n<p>Qui est concern\u00e9 par l\u2019accessibilit\u00e9 sur un point de vente ?<\/p>\n<\/div>\n\n\n\n<div class=\"wp-block-column is-layout-flow wp-container-core-column-is-layout-6b73ce23 wp-block-column-is-layout-flow\">\n<figure class=\"wp-block-image aligncenter size-full is-resized\"><img loading=\"lazy\" decoding=\"async\" width=\"1280\" height=\"853\" src=\"http:\/\/izaccess.fr\/wp-content\/uploads\/2024\/09\/g6bb8059797d9449e5fb776624345df8ce381810d73cb17a2e8df28aa672700425d0801967ae4cc2d3b0cecd0cef011591f5a53517c5d57e6f44b9345ca7e1119_1280-1730085.jpg\" alt=\"credit card, payment, credit\" class=\"wp-image-32\" style=\"width:383px;height:auto\" srcset=\"https:\/\/izaccess.fr\/wp-content\/uploads\/2024\/09\/g6bb8059797d9449e5fb776624345df8ce381810d73cb17a2e8df28aa672700425d0801967ae4cc2d3b0cecd0cef011591f5a53517c5d57e6f44b9345ca7e1119_1280-1730085.jpg 1280w, https:\/\/izaccess.fr\/wp-content\/uploads\/2024\/09\/g6bb8059797d9449e5fb776624345df8ce381810d73cb17a2e8df28aa672700425d0801967ae4cc2d3b0cecd0cef011591f5a53517c5d57e6f44b9345ca7e1119_1280-1730085-300x200.jpg 300w, https:\/\/izaccess.fr\/wp-content\/uploads\/2024\/09\/g6bb8059797d9449e5fb776624345df8ce381810d73cb17a2e8df28aa672700425d0801967ae4cc2d3b0cecd0cef011591f5a53517c5d57e6f44b9345ca7e1119_1280-1730085-1024x682.jpg 1024w, https:\/\/izaccess.fr\/wp-content\/uploads\/2024\/09\/g6bb8059797d9449e5fb776624345df8ce381810d73cb17a2e8df28aa672700425d0801967ae4cc2d3b0cecd0cef011591f5a53517c5d57e6f44b9345ca7e1119_1280-1730085-768x512.jpg 768w\" sizes=\"auto, (max-width: 1280px) 100vw, 1280px\" \/><\/figure>\n\n\n\n<h3 class=\"wp-block-heading\" style=\"margin-top:16px\">Point d\u2019acceptation<\/h3>\n\n\n\n<p>Mon point d\u2019acceptation est-il accessible ?<\/p>\n\n\n\n<p>Comment rendre mon point d\u2019acceptation accessible ?<\/p>\n\n\n\n<p>Quels sont les avantages \u00e0 rendre mon point de vente accessible ?<\/p>\n<\/div>\n\n\n\n<div class=\"wp-block-column is-layout-flow wp-container-core-column-is-layout-6b73ce23 wp-block-column-is-layout-flow\">\n<figure class=\"wp-block-image size-full\"><img loading=\"lazy\" decoding=\"async\" width=\"2560\" height=\"1707\" src=\"http:\/\/izaccess.fr\/wp-content\/uploads\/2024\/09\/pexels-photo-259200-259200-2-scaled.jpg\" alt=\"Close-up Photography Two Brown Cards\" class=\"wp-image-45\" srcset=\"https:\/\/izaccess.fr\/wp-content\/uploads\/2024\/09\/pexels-photo-259200-259200-2-scaled.jpg 2560w, https:\/\/izaccess.fr\/wp-content\/uploads\/2024\/09\/pexels-photo-259200-259200-2-300x200.jpg 300w, https:\/\/izaccess.fr\/wp-content\/uploads\/2024\/09\/pexels-photo-259200-259200-2-1024x683.jpg 1024w, https:\/\/izaccess.fr\/wp-content\/uploads\/2024\/09\/pexels-photo-259200-259200-2-768x512.jpg 768w, https:\/\/izaccess.fr\/wp-content\/uploads\/2024\/09\/pexels-photo-259200-259200-2-1536x1024.jpg 1536w, https:\/\/izaccess.fr\/wp-content\/uploads\/2024\/09\/pexels-photo-259200-259200-2-2048x1365.jpg 2048w\" sizes=\"auto, (max-width: 2560px) 100vw, 2560px\" \/><\/figure>\n\n\n\n<h3 class=\"wp-block-heading\" style=\"margin-top:16px\">Risques<\/h3>\n\n\n\n<p>Quels sont les risques si mon point d\u2019acceptation n\u2019est pas accessible :<\/p>\n\n\n\n<ul class=\"wp-block-list\">\n<li>En tant que commer\u00e7ant ?<\/li>\n\n\n\n<li>En tant que retailer (fournisseur d\u2019un syst\u00e8me de paiement \u00e0 un franchis\u00e9) ?<\/li>\n\n\n\n<li>En tant que banque (fournisseur d\u2019un terminal de paiement) ?<\/li>\n<\/ul>\n<\/div>\n<\/div>\n<\/div>\n\n\n\n<div class=\"wp-block-group alignfull has-ast-global-color-2-color has-ast-global-color-5-background-color has-text-color has-background has-link-color wp-elements-b0b0a7b82f15ecbd8b47e4d6838dd97a is-layout-constrained wp-container-core-group-is-layout-614afeca wp-block-group-is-layout-constrained\" id=\"about\" style=\"padding-top:100px;padding-bottom:100px\">\n<div class=\"wp-block-media-text has-media-on-the-right is-stacked-on-mobile is-vertically-aligned-center\"><div class=\"wp-block-media-text__content\">\n<div class=\"inherit-container-width wp-block-group is-layout-constrained wp-container-core-group-is-layout-47ce07ec wp-block-group-is-layout-constrained\" style=\"padding-right:80px\">\n<h2 class=\"wp-block-heading\" style=\"padding-right:40px\">Rendre votre parcours client accessible<\/h2>\n\n\n\n<p>En tenant compte de contraintes fortes :<\/p>\n\n\n\n<p>\u2022 l\u2019<strong>autonomie<\/strong> totale du consommateur<\/p>\n\n\n\n<p>\u2022 la <strong>rapidit\u00e9<\/strong> du paiement<\/p>\n\n\n\n<p>\u2022 la <strong>meilleure exp\u00e9rience<\/strong> de paiement<\/p>\n<\/div>\n<\/div><figure class=\"wp-block-media-text__media\"><img decoding=\"async\" src=\"https:\/\/izaccess.fr\/wp-content\/themes\/astra\/inc\/assets\/images\/starter-content\/about-us.jpg\" alt=\"\" class=\"wp-image-237 size-full\"\/><\/figure><\/div>\n<\/div>\n\n\n\n<div class=\"wp-block-group alignfull has-ast-global-color-2-color has-text-color has-link-color wp-elements-40dddb38c3f4cffadf75df9dc73f8653 is-layout-constrained wp-container-core-group-is-layout-614afeca wp-block-group-is-layout-constrained\" id=\"whyus\" style=\"padding-top:100px;padding-bottom:100px\">\n<h2 class=\"wp-block-heading\">Pourquoi choisir Izaccess ?<\/h2>\n\n\n\n<div class=\"wp-block-columns is-layout-flex wp-container-core-columns-is-layout-29aadeec wp-block-columns-is-layout-flex\" style=\"margin-top:60px\">\n<div class=\"wp-block-column is-layout-flow wp-container-core-column-is-layout-6b73ce23 wp-block-column-is-layout-flow\">\n<figure class=\"wp-block-image size-full is-resized\"><img loading=\"lazy\" decoding=\"async\" width=\"150\" height=\"150\" src=\"http:\/\/izaccess.fr\/wp-content\/uploads\/2024\/09\/expertise.png\" alt=\"\" class=\"wp-image-64\" style=\"width:69px;height:auto\"\/><\/figure>\n\n\n\n<h3 class=\"wp-block-heading\" style=\"margin-top:16px\">Expertise<\/h3>\n\n\n\n<p>Nous poss\u00e9dons une exp\u00e9rience multi-constructeurs qui nous permet d&#8217;\u00e9talonner votre solution parmi les solutions du march\u00e9.<\/p>\n<\/div>\n\n\n\n<div class=\"wp-block-column is-layout-flow wp-container-core-column-is-layout-6b73ce23 wp-block-column-is-layout-flow\">\n<figure class=\"wp-block-image size-full is-resized\"><img loading=\"lazy\" decoding=\"async\" width=\"150\" height=\"150\" src=\"http:\/\/izaccess.fr\/wp-content\/uploads\/2024\/09\/professionnel.png\" alt=\"\" class=\"wp-image-65\" style=\"width:64px;height:auto\"\/><\/figure>\n\n\n\n<h3 class=\"wp-block-heading\" style=\"margin-top:16px\">Professionnel<\/h3>\n\n\n\n<p>Nous cherchons \u00e0 optimiser le guidage de chaque consommateur en fonction de sa pathologie, pour un parcours client fluide et bienveillant.<\/p>\n<\/div>\n\n\n\n<div class=\"wp-block-column is-layout-flow wp-container-core-column-is-layout-6b73ce23 wp-block-column-is-layout-flow\">\n<figure class=\"wp-block-image size-full is-resized\"><img loading=\"lazy\" decoding=\"async\" width=\"150\" height=\"150\" src=\"http:\/\/izaccess.fr\/wp-content\/uploads\/2024\/09\/support.png\" alt=\"\" class=\"wp-image-66\" style=\"width:71px;height:auto\"\/><\/figure>\n\n\n\n<h3 class=\"wp-block-heading\" style=\"margin-top:16px\">Support<\/h3>\n\n\n\n<p>Toutes les solutions de paiement sont uniques, elles r\u00e9clament un accompagnement personnalis\u00e9 et adapt\u00e9 au contexte de chaque constructeur &amp; solutions.<\/p>\n<\/div>\n<\/div>\n<\/div>\n\n\n\n<div class=\"wp-block-group alignfull has-ast-global-color-1-background-color has-background is-layout-constrained wp-container-core-group-is-layout-cfcca693 wp-block-group-is-layout-constrained\" id=\"contact\" style=\"padding-top:104px;padding-bottom:104px\">\n<h2 class=\"wp-block-heading has-text-align-center has-text-color\" style=\"color:#ffffff\">Contactez nous !<\/h2>\n\n\n\n<div class=\"wp-block-buttons alignwide is-horizontal is-content-justification-center is-layout-flex wp-container-core-buttons-is-layout-bba8380a wp-block-buttons-is-layout-flex\" style=\"margin-top:50px\">\n<div class=\"wp-block-button\"><a class=\"wp-block-button__link wp-element-button\" href=\"mailto:contact@izaccess.fr?subject=Demande%20de%20renseignements\">contact@izaccess.fr<\/a><\/div>\n<\/div>\n<\/div>\n\n\n\n<p><\/p>\n","protected":false},"excerpt":{"rendered":"<p>Formation Nos formations sur l&#8217;accessibilit\u00e9 dans le domaine du paiement sont con\u00e7ues pour les professionnels du secteur financier, les d\u00e9veloppeurs [&hellip;]<\/p>\n","protected":false},"author":1,"featured_media":0,"parent":0,"menu_order":0,"comment_status":"closed","ping_status":"closed","template":"","meta":{"site-sidebar-layout":"no-sidebar","site-content-layout":"plain-container","ast-site-content-layout":"","site-content-style":"default","site-sidebar-style":"default","ast-global-header-display":"","ast-banner-title-visibility":"","ast-main-header-display":"","ast-hfb-above-header-display":"","ast-hfb-below-header-display":"","ast-hfb-mobile-header-display":"","site-post-title":"disabled","ast-breadcrumbs-content":"","ast-featured-img":"","footer-sml-layout":"","theme-transparent-header-meta":"enabled","adv-header-id-meta":"","stick-header-meta":"","header-above-stick-meta":"","header-main-stick-meta":"","header-below-stick-meta":"","astra-migrate-meta-layouts":"default","ast-page-background-enabled":"default","ast-page-background-meta":{"desktop":{"background-color":"var(--ast-global-color-4)","background-image":"","background-repeat":"repeat","background-position":"center center","background-size":"auto","background-attachment":"scroll","background-type":"","background-media":"","overlay-type":"","overlay-color":"","overlay-opacity":"","overlay-gradient":""},"tablet":{"background-color":"","background-image":"","background-repeat":"repeat","background-position":"center center","background-size":"auto","background-attachment":"scroll","background-type":"","background-media":"","overlay-type":"","overlay-color":"","overlay-opacity":"","overlay-gradient":""},"mobile":{"background-color":"","background-image":"","background-repeat":"repeat","background-position":"center center","background-size":"auto","background-attachment":"scroll","background-type":"","background-media":"","overlay-type":"","overlay-color":"","overlay-opacity":"","overlay-gradient":""}},"ast-content-background-meta":{"desktop":{"background-color":"var(--ast-global-color-5)","background-image":"","background-repeat":"repeat","background-position":"center center","background-size":"auto","background-attachment":"scroll","background-type":"","background-media":"","overlay-type":"","overlay-color":"","overlay-opacity":"","overlay-gradient":""},"tablet":{"background-color":"var(--ast-global-color-5)","background-image":"","background-repeat":"repeat","background-position":"center center","background-size":"auto","background-attachment":"scroll","background-type":"","background-media":"","overlay-type":"","overlay-color":"","overlay-opacity":"","overlay-gradient":""},"mobile":{"background-color":"var(--ast-global-color-5)","background-image":"","background-repeat":"repeat","background-position":"center center","background-size":"auto","background-attachment":"scroll","background-type":"","background-media":"","overlay-type":"","overlay-color":"","overlay-opacity":"","overlay-gradient":""}},"footnotes":""},"class_list":["post-7","page","type-page","status-publish","hentry"],"_links":{"self":[{"href":"https:\/\/izaccess.fr\/index.php\/wp-json\/wp\/v2\/pages\/7","targetHints":{"allow":["GET"]}}],"collection":[{"href":"https:\/\/izaccess.fr\/index.php\/wp-json\/wp\/v2\/pages"}],"about":[{"href":"https:\/\/izaccess.fr\/index.php\/wp-json\/wp\/v2\/types\/page"}],"author":[{"embeddable":true,"href":"https:\/\/izaccess.fr\/index.php\/wp-json\/wp\/v2\/users\/1"}],"replies":[{"embeddable":true,"href":"https:\/\/izaccess.fr\/index.php\/wp-json\/wp\/v2\/comments?post=7"}],"version-history":[{"count":111,"href":"https:\/\/izaccess.fr\/index.php\/wp-json\/wp\/v2\/pages\/7\/revisions"}],"predecessor-version":[{"id":273,"href":"https:\/\/izaccess.fr\/index.php\/wp-json\/wp\/v2\/pages\/7\/revisions\/273"}],"wp:attachment":[{"href":"https:\/\/izaccess.fr\/index.php\/wp-json\/wp\/v2\/media?parent=7"}],"curies":[{"name":"wp","href":"https:\/\/api.w.org\/{rel}","templated":true}]}}